{"id":44,"date":"2025-11-09T21:37:25","date_gmt":"2025-11-09T21:37:25","guid":{"rendered":"https:\/\/screen.com.ve\/clientes\/sanatos\/es\/?post_type=product&#038;p=44"},"modified":"2026-02-19T12:32:47","modified_gmt":"2026-02-19T12:32:47","slug":"sanatos-toddlers","status":"publish","type":"product","link":"https:\/\/sanatos.com\/es\/product\/sanatos-toddlers\/","title":{"rendered":"SanaTos Toddlers"},"content":{"rendered":"\n<h2 class=\"wp-block-heading\">F\u00f3rmula recomendada para aliviar la tos y la congesti\u00f3n en ni\u00f1os peque\u00f1os.<\/h2>\n\n\n\n<ul class=\"wp-block-list\">\n<li>Sin Alcohol y no provoca sue\u00f1o<\/li>\n\n\n\n<li>Fabricado en Estados Unidos<\/li>\n\n\n\n<li>Apto para mayores de 2 a\u00f1os<\/li>\n<\/ul>\n\n\n\n<p><\/p>\n","protected":false},"excerpt":{"rendered":"<p>Alivio suave y eficaz para los m\u00e1s peque\u00f1os<\/p>\n","protected":false},"featured_media":1054,"template":"","meta":{"_acf_changed":false,"inline_featured_image":false,"footnotes":""},"product_cat":[7],"product_tag":[],"product_format":[39],"symptom":[13,10],"age":[12],"occasion":[],"icons":[17,16,23],"flavor":[42],"relief":[],"class_list":["post-44","product","type-product","status-publish","has-post-thumbnail","hentry","product_cat-ninos-bebes","product_format-jarabe","symptom-congestion","symptom-tos","age-0-2-anos","icons-alivia-tos-y-congestion","icons-sabor-cereza-suave","icons-sin-alcohol","flavor-cereza"],"acf":[],"yoast_head":"<!-- This site is optimized with the Yoast SEO plugin v26.5 - https:\/\/yoast.com\/wordpress\/plugins\/seo\/ -->\n<title>SanaTos Toddlers - Dile adios a la tos con SANATOS - PHARMADEL<\/title>\n<meta name=\"robots\" content=\"index, follow, max-snippet:-1, max-image-preview:large, max-video-preview:-1\" \/>\n<link rel=\"canonical\" href=\"https:\/\/sanatos.com\/es\/product\/sanatos-toddlers\/\" \/>\n<meta property=\"og:locale\" content=\"es_ES\" \/>\n<meta property=\"og:type\" content=\"article\" \/>\n<meta property=\"og:title\" content=\"SanaTos Toddlers - Dile adios a la tos con SANATOS - PHARMADEL\" \/>\n<meta property=\"og:description\" content=\"Alivio suave y eficaz para los m\u00e1s peque\u00f1os\" \/>\n<meta property=\"og:url\" content=\"https:\/\/sanatos.com\/es\/product\/sanatos-toddlers\/\" \/>\n<meta property=\"og:site_name\" content=\"Dile adios a la tos con SANATOS - PHARMADEL\" \/>\n<meta property=\"article:modified_time\" content=\"2026-02-19T12:32:47+00:00\" \/>\n<meta property=\"og:image\" content=\"https:\/\/sanatos.com\/es\/wp-content\/uploads\/sites\/3\/2025\/11\/SanaTos-Toddlers-1.webp\" \/>\n\t<meta property=\"og:image:width\" content=\"1995\" \/>\n\t<meta property=\"og:image:height\" content=\"2160\" \/>\n\t<meta property=\"og:image:type\" content=\"image\/webp\" \/>\n<meta name=\"twitter:card\" content=\"summary_large_image\" \/>\n<meta name=\"twitter:label1\" content=\"Tiempo de lectura\" \/>\n\t<meta name=\"twitter:data1\" content=\"1 minuto\" \/>\n<script type=\"application\/ld+json\" class=\"yoast-schema-graph\">{\"@context\":\"https:\/\/schema.org\",\"@graph\":[{\"@type\":\"WebPage\",\"@id\":\"https:\/\/sanatos.com\/es\/product\/sanatos-toddlers\/\",\"url\":\"https:\/\/sanatos.com\/es\/product\/sanatos-toddlers\/\",\"name\":\"SanaTos Toddlers - Dile adios a la tos con SANATOS - PHARMADEL\",\"isPartOf\":{\"@id\":\"https:\/\/sanatos.com\/es\/#website\"},\"primaryImageOfPage\":{\"@id\":\"https:\/\/sanatos.com\/es\/product\/sanatos-toddlers\/#primaryimage\"},\"image\":{\"@id\":\"https:\/\/sanatos.com\/es\/product\/sanatos-toddlers\/#primaryimage\"},\"thumbnailUrl\":\"https:\/\/sanatos.com\/es\/wp-content\/uploads\/sites\/3\/2025\/11\/SanaTos-Toddlers-1.webp\",\"datePublished\":\"2025-11-09T21:37:25+00:00\",\"dateModified\":\"2026-02-19T12:32:47+00:00\",\"breadcrumb\":{\"@id\":\"https:\/\/sanatos.com\/es\/product\/sanatos-toddlers\/#breadcrumb\"},\"inLanguage\":\"es\",\"potentialAction\":[{\"@type\":\"ReadAction\",\"target\":[\"https:\/\/sanatos.com\/es\/product\/sanatos-toddlers\/\"]}]},{\"@type\":\"ImageObject\",\"inLanguage\":\"es\",\"@id\":\"https:\/\/sanatos.com\/es\/product\/sanatos-toddlers\/#primaryimage\",\"url\":\"https:\/\/sanatos.com\/es\/wp-content\/uploads\/sites\/3\/2025\/11\/SanaTos-Toddlers-1.webp\",\"contentUrl\":\"https:\/\/sanatos.com\/es\/wp-content\/uploads\/sites\/3\/2025\/11\/SanaTos-Toddlers-1.webp\",\"width\":1995,\"height\":2160},{\"@type\":\"BreadcrumbList\",\"@id\":\"https:\/\/sanatos.com\/es\/product\/sanatos-toddlers\/#breadcrumb\",\"itemListElement\":[{\"@type\":\"ListItem\",\"position\":1,\"name\":\"Home\",\"item\":\"https:\/\/sanatos.com\/es\/\"},{\"@type\":\"ListItem\",\"position\":2,\"name\":\"Productos\",\"item\":\"https:\/\/sanatos.com\/es\/product\/\"},{\"@type\":\"ListItem\",\"position\":3,\"name\":\"SanaTos Toddlers\"}]},{\"@type\":\"WebSite\",\"@id\":\"https:\/\/sanatos.com\/es\/#website\",\"url\":\"https:\/\/sanatos.com\/es\/\",\"name\":\"Dile adios a la tos con SANATOS - PHARMADEL\",\"description\":\"Alivio r\u00e1pido y eficaz de los s\u00edntomas del resfriado y la gripe como dolor de cabeza, fiebre, congesti\u00f3n nasal, tos y dolor muscular \u00a1Pru\u00e9balo!\",\"publisher\":{\"@id\":\"https:\/\/sanatos.com\/es\/#organization\"},\"potentialAction\":[{\"@type\":\"SearchAction\",\"target\":{\"@type\":\"EntryPoint\",\"urlTemplate\":\"https:\/\/sanatos.com\/es\/?s={search_term_string}\"},\"query-input\":{\"@type\":\"PropertyValueSpecification\",\"valueRequired\":true,\"valueName\":\"search_term_string\"}}],\"inLanguage\":\"es\"},{\"@type\":\"Organization\",\"@id\":\"https:\/\/sanatos.com\/es\/#organization\",\"name\":\"Dile adios a la tos con SANATOS - PHARMADEL\",\"url\":\"https:\/\/sanatos.com\/es\/\",\"logo\":{\"@type\":\"ImageObject\",\"inLanguage\":\"es\",\"@id\":\"https:\/\/sanatos.com\/es\/#\/schema\/logo\/image\/\",\"url\":\"https:\/\/sanatos.com\/es\/wp-content\/uploads\/sites\/3\/2025\/11\/sanatos.svg\",\"contentUrl\":\"https:\/\/sanatos.com\/es\/wp-content\/uploads\/sites\/3\/2025\/11\/sanatos.svg\",\"caption\":\"Dile adios a la tos con SANATOS - PHARMADEL\"},\"image\":{\"@id\":\"https:\/\/sanatos.com\/es\/#\/schema\/logo\/image\/\"}}]}<\/script>\n<!-- \/ Yoast SEO plugin. -->","yoast_head_json":{"title":"SanaTos Toddlers - Dile adios a la tos con SANATOS - PHARMADEL","robots":{"index":"index","follow":"follow","max-snippet":"max-snippet:-1","max-image-preview":"max-image-preview:large","max-video-preview":"max-video-preview:-1"},"canonical":"https:\/\/sanatos.com\/es\/product\/sanatos-toddlers\/","og_locale":"es_ES","og_type":"article","og_title":"SanaTos Toddlers - Dile adios a la tos con SANATOS - PHARMADEL","og_description":"Alivio suave y eficaz para los m\u00e1s peque\u00f1os","og_url":"https:\/\/sanatos.com\/es\/product\/sanatos-toddlers\/","og_site_name":"Dile adios a la tos con SANATOS - PHARMADEL","article_modified_time":"2026-02-19T12:32:47+00:00","og_image":[{"width":1995,"height":2160,"url":"https:\/\/sanatos.com\/es\/wp-content\/uploads\/sites\/3\/2025\/11\/SanaTos-Toddlers-1.webp","type":"image\/webp"}],"twitter_card":"summary_large_image","twitter_misc":{"Tiempo de lectura":"1 minuto"},"schema":{"@context":"https:\/\/schema.org","@graph":[{"@type":"WebPage","@id":"https:\/\/sanatos.com\/es\/product\/sanatos-toddlers\/","url":"https:\/\/sanatos.com\/es\/product\/sanatos-toddlers\/","name":"SanaTos Toddlers - Dile adios a la tos con SANATOS - PHARMADEL","isPartOf":{"@id":"https:\/\/sanatos.com\/es\/#website"},"primaryImageOfPage":{"@id":"https:\/\/sanatos.com\/es\/product\/sanatos-toddlers\/#primaryimage"},"image":{"@id":"https:\/\/sanatos.com\/es\/product\/sanatos-toddlers\/#primaryimage"},"thumbnailUrl":"https:\/\/sanatos.com\/es\/wp-content\/uploads\/sites\/3\/2025\/11\/SanaTos-Toddlers-1.webp","datePublished":"2025-11-09T21:37:25+00:00","dateModified":"2026-02-19T12:32:47+00:00","breadcrumb":{"@id":"https:\/\/sanatos.com\/es\/product\/sanatos-toddlers\/#breadcrumb"},"inLanguage":"es","potentialAction":[{"@type":"ReadAction","target":["https:\/\/sanatos.com\/es\/product\/sanatos-toddlers\/"]}]},{"@type":"ImageObject","inLanguage":"es","@id":"https:\/\/sanatos.com\/es\/product\/sanatos-toddlers\/#primaryimage","url":"https:\/\/sanatos.com\/es\/wp-content\/uploads\/sites\/3\/2025\/11\/SanaTos-Toddlers-1.webp","contentUrl":"https:\/\/sanatos.com\/es\/wp-content\/uploads\/sites\/3\/2025\/11\/SanaTos-Toddlers-1.webp","width":1995,"height":2160},{"@type":"BreadcrumbList","@id":"https:\/\/sanatos.com\/es\/product\/sanatos-toddlers\/#breadcrumb","itemListElement":[{"@type":"ListItem","position":1,"name":"Home","item":"https:\/\/sanatos.com\/es\/"},{"@type":"ListItem","position":2,"name":"Productos","item":"https:\/\/sanatos.com\/es\/product\/"},{"@type":"ListItem","position":3,"name":"SanaTos Toddlers"}]},{"@type":"WebSite","@id":"https:\/\/sanatos.com\/es\/#website","url":"https:\/\/sanatos.com\/es\/","name":"Dile adios a la tos con SANATOS - PHARMADEL","description":"Alivio r\u00e1pido y eficaz de los s\u00edntomas del resfriado y la gripe como dolor de cabeza, fiebre, congesti\u00f3n nasal, tos y dolor muscular \u00a1Pru\u00e9balo!","publisher":{"@id":"https:\/\/sanatos.com\/es\/#organization"},"potentialAction":[{"@type":"SearchAction","target":{"@type":"EntryPoint","urlTemplate":"https:\/\/sanatos.com\/es\/?s={search_term_string}"},"query-input":{"@type":"PropertyValueSpecification","valueRequired":true,"valueName":"search_term_string"}}],"inLanguage":"es"},{"@type":"Organization","@id":"https:\/\/sanatos.com\/es\/#organization","name":"Dile adios a la tos con SANATOS - PHARMADEL","url":"https:\/\/sanatos.com\/es\/","logo":{"@type":"ImageObject","inLanguage":"es","@id":"https:\/\/sanatos.com\/es\/#\/schema\/logo\/image\/","url":"https:\/\/sanatos.com\/es\/wp-content\/uploads\/sites\/3\/2025\/11\/sanatos.svg","contentUrl":"https:\/\/sanatos.com\/es\/wp-content\/uploads\/sites\/3\/2025\/11\/sanatos.svg","caption":"Dile adios a la tos con SANATOS - PHARMADEL"},"image":{"@id":"https:\/\/sanatos.com\/es\/#\/schema\/logo\/image\/"}}]}},"_links":{"self":[{"href":"https:\/\/sanatos.com\/es\/wp-json\/wp\/v2\/product\/44","targetHints":{"allow":["GET"]}}],"collection":[{"href":"https:\/\/sanatos.com\/es\/wp-json\/wp\/v2\/product"}],"about":[{"href":"https:\/\/sanatos.com\/es\/wp-json\/wp\/v2\/types\/product"}],"version-history":[{"count":11,"href":"https:\/\/sanatos.com\/es\/wp-json\/wp\/v2\/product\/44\/revisions"}],"predecessor-version":[{"id":1248,"href":"https:\/\/sanatos.com\/es\/wp-json\/wp\/v2\/product\/44\/revisions\/1248"}],"wp:featuredmedia":[{"embeddable":true,"href":"https:\/\/sanatos.com\/es\/wp-json\/wp\/v2\/media\/1054"}],"wp:attachment":[{"href":"https:\/\/sanatos.com\/es\/wp-json\/wp\/v2\/media?parent=44"}],"wp:term":[{"taxonomy":"product_cat","embeddable":true,"href":"https:\/\/sanatos.com\/es\/wp-json\/wp\/v2\/product_cat?post=44"},{"taxonomy":"product_tag","embeddable":true,"href":"https:\/\/sanatos.com\/es\/wp-json\/wp\/v2\/product_tag?post=44"},{"taxonomy":"product_format","embeddable":true,"href":"https:\/\/sanatos.com\/es\/wp-json\/wp\/v2\/product_format?post=44"},{"taxonomy":"symptom","embeddable":true,"href":"https:\/\/sanatos.com\/es\/wp-json\/wp\/v2\/symptom?post=44"},{"taxonomy":"age","embeddable":true,"href":"https:\/\/sanatos.com\/es\/wp-json\/wp\/v2\/age?post=44"},{"taxonomy":"occasion","embeddable":true,"href":"https:\/\/sanatos.com\/es\/wp-json\/wp\/v2\/occasion?post=44"},{"taxonomy":"icons","embeddable":true,"href":"https:\/\/sanatos.com\/es\/wp-json\/wp\/v2\/icons?post=44"},{"taxonomy":"flavor","embeddable":true,"href":"https:\/\/sanatos.com\/es\/wp-json\/wp\/v2\/flavor?post=44"},{"taxonomy":"relief","embeddable":true,"href":"https:\/\/sanatos.com\/es\/wp-json\/wp\/v2\/relief?post=44"}],"curies":[{"name":"wp","href":"https:\/\/api.w.org\/{rel}","templated":true}]}}