{"id":1006,"date":"2025-11-21T19:29:58","date_gmt":"2025-11-21T19:29:58","guid":{"rendered":"https:\/\/screen.com.ve\/clientes\/sanatos\/es\/?post_type=product&#038;p=1006"},"modified":"2026-02-27T22:36:32","modified_gmt":"2026-02-27T22:36:32","slug":"sanatos-fast-action","status":"publish","type":"product","link":"https:\/\/sanatos.com\/es\/product\/sanatos-fast-action\/","title":{"rendered":"Sanatos X Fast Action"},"content":{"rendered":"\n<h2 class=\"wp-block-heading\">F\u00f3rmula avanzada de acci\u00f3n inmediata para aliviar la fiebre, congesti\u00f3n y dolor de garganta.<\/h2>\n\n\n\n<ul class=\"wp-block-list\">\n<li>Hecho en Estados Unidos<\/li>\n\n\n\n<li>Sin alcohol<\/li>\n\n\n\n<li>Acci\u00f3n r\u00e1pida<\/li>\n<\/ul>\n\n\n\n<p><\/p>\n","protected":false},"excerpt":{"rendered":"<p>Alivio r\u00e1pido contra los s\u00edntomas de la tos, fiebre y gripe<\/p>\n","protected":false},"featured_media":1058,"template":"","meta":{"_acf_changed":false,"inline_featured_image":false,"footnotes":""},"product_cat":[41,38,5],"product_tag":[],"product_format":[39],"symptom":[13,55,9],"age":[],"occasion":[],"icons":[29,30,31,28],"flavor":[],"relief":[45],"class_list":["post-1006","product","type-product","status-publish","has-post-thumbnail","hentry","product_cat-adultos","product_cat-alivio-del-resfriado-y-la-gripe","product_cat-dolor-y-fiebre","product_format-jarabe","symptom-congestion","symptom-dolor-de-cabeza","symptom-fiebre","icons-accion-rapida","icons-reduce-fiebre-dolor","icons-reduce-la-congestion","icons-controla-la-tos","relief-accion-rapida"],"acf":[],"yoast_head":"<!-- This site is optimized with the Yoast SEO plugin v26.5 - https:\/\/yoast.com\/wordpress\/plugins\/seo\/ -->\n<title>Sanatos X Fast Action - Dile adios a la tos con SANATOS - PHARMADEL<\/title>\n<meta name=\"robots\" content=\"index, follow, max-snippet:-1, max-image-preview:large, max-video-preview:-1\" \/>\n<link rel=\"canonical\" href=\"https:\/\/sanatos.com\/es\/product\/sanatos-fast-action\/\" \/>\n<meta property=\"og:locale\" content=\"es_ES\" \/>\n<meta property=\"og:type\" content=\"article\" \/>\n<meta property=\"og:title\" content=\"Sanatos X Fast Action - Dile adios a la tos con SANATOS - PHARMADEL\" \/>\n<meta property=\"og:description\" content=\"Alivio r\u00e1pido contra los s\u00edntomas de la tos, fiebre y gripe\" \/>\n<meta property=\"og:url\" content=\"https:\/\/sanatos.com\/es\/product\/sanatos-fast-action\/\" \/>\n<meta property=\"og:site_name\" content=\"Dile adios a la tos con SANATOS - PHARMADEL\" \/>\n<meta property=\"article:modified_time\" content=\"2026-02-27T22:36:32+00:00\" \/>\n<meta property=\"og:image\" content=\"https:\/\/sanatos.com\/es\/wp-content\/uploads\/sites\/3\/2025\/11\/SanaTos-X-for-Adults.webp\" \/>\n\t<meta property=\"og:image:width\" content=\"1995\" \/>\n\t<meta property=\"og:image:height\" content=\"2160\" \/>\n\t<meta property=\"og:image:type\" content=\"image\/webp\" \/>\n<meta name=\"twitter:card\" content=\"summary_large_image\" \/>\n<meta name=\"twitter:label1\" content=\"Tiempo de lectura\" \/>\n\t<meta name=\"twitter:data1\" content=\"1 minuto\" \/>\n<script type=\"application\/ld+json\" class=\"yoast-schema-graph\">{\"@context\":\"https:\/\/schema.org\",\"@graph\":[{\"@type\":\"WebPage\",\"@id\":\"https:\/\/sanatos.com\/es\/product\/sanatos-fast-action\/\",\"url\":\"https:\/\/sanatos.com\/es\/product\/sanatos-fast-action\/\",\"name\":\"Sanatos X Fast Action - Dile adios a la tos con SANATOS - PHARMADEL\",\"isPartOf\":{\"@id\":\"https:\/\/sanatos.com\/es\/#website\"},\"primaryImageOfPage\":{\"@id\":\"https:\/\/sanatos.com\/es\/product\/sanatos-fast-action\/#primaryimage\"},\"image\":{\"@id\":\"https:\/\/sanatos.com\/es\/product\/sanatos-fast-action\/#primaryimage\"},\"thumbnailUrl\":\"https:\/\/sanatos.com\/es\/wp-content\/uploads\/sites\/3\/2025\/11\/SanaTos-X-for-Adults.webp\",\"datePublished\":\"2025-11-21T19:29:58+00:00\",\"dateModified\":\"2026-02-27T22:36:32+00:00\",\"breadcrumb\":{\"@id\":\"https:\/\/sanatos.com\/es\/product\/sanatos-fast-action\/#breadcrumb\"},\"inLanguage\":\"es\",\"potentialAction\":[{\"@type\":\"ReadAction\",\"target\":[\"https:\/\/sanatos.com\/es\/product\/sanatos-fast-action\/\"]}]},{\"@type\":\"ImageObject\",\"inLanguage\":\"es\",\"@id\":\"https:\/\/sanatos.com\/es\/product\/sanatos-fast-action\/#primaryimage\",\"url\":\"https:\/\/sanatos.com\/es\/wp-content\/uploads\/sites\/3\/2025\/11\/SanaTos-X-for-Adults.webp\",\"contentUrl\":\"https:\/\/sanatos.com\/es\/wp-content\/uploads\/sites\/3\/2025\/11\/SanaTos-X-for-Adults.webp\",\"width\":1995,\"height\":2160},{\"@type\":\"BreadcrumbList\",\"@id\":\"https:\/\/sanatos.com\/es\/product\/sanatos-fast-action\/#breadcrumb\",\"itemListElement\":[{\"@type\":\"ListItem\",\"position\":1,\"name\":\"Home\",\"item\":\"https:\/\/sanatos.com\/es\/\"},{\"@type\":\"ListItem\",\"position\":2,\"name\":\"Productos\",\"item\":\"https:\/\/sanatos.com\/es\/product\/\"},{\"@type\":\"ListItem\",\"position\":3,\"name\":\"Sanatos X Fast Action\"}]},{\"@type\":\"WebSite\",\"@id\":\"https:\/\/sanatos.com\/es\/#website\",\"url\":\"https:\/\/sanatos.com\/es\/\",\"name\":\"Dile adios a la tos con SANATOS - PHARMADEL\",\"description\":\"Alivio r\u00e1pido y eficaz de los s\u00edntomas del resfriado y la gripe como dolor de cabeza, fiebre, congesti\u00f3n nasal, tos y dolor muscular \u00a1Pru\u00e9balo!\",\"publisher\":{\"@id\":\"https:\/\/sanatos.com\/es\/#organization\"},\"potentialAction\":[{\"@type\":\"SearchAction\",\"target\":{\"@type\":\"EntryPoint\",\"urlTemplate\":\"https:\/\/sanatos.com\/es\/?s={search_term_string}\"},\"query-input\":{\"@type\":\"PropertyValueSpecification\",\"valueRequired\":true,\"valueName\":\"search_term_string\"}}],\"inLanguage\":\"es\"},{\"@type\":\"Organization\",\"@id\":\"https:\/\/sanatos.com\/es\/#organization\",\"name\":\"Dile adios a la tos con SANATOS - PHARMADEL\",\"url\":\"https:\/\/sanatos.com\/es\/\",\"logo\":{\"@type\":\"ImageObject\",\"inLanguage\":\"es\",\"@id\":\"https:\/\/sanatos.com\/es\/#\/schema\/logo\/image\/\",\"url\":\"https:\/\/sanatos.com\/es\/wp-content\/uploads\/sites\/3\/2025\/11\/sanatos.svg\",\"contentUrl\":\"https:\/\/sanatos.com\/es\/wp-content\/uploads\/sites\/3\/2025\/11\/sanatos.svg\",\"caption\":\"Dile adios a la tos con SANATOS - PHARMADEL\"},\"image\":{\"@id\":\"https:\/\/sanatos.com\/es\/#\/schema\/logo\/image\/\"}}]}<\/script>\n<!-- \/ Yoast SEO plugin. -->","yoast_head_json":{"title":"Sanatos X Fast Action - Dile adios a la tos con SANATOS - PHARMADEL","robots":{"index":"index","follow":"follow","max-snippet":"max-snippet:-1","max-image-preview":"max-image-preview:large","max-video-preview":"max-video-preview:-1"},"canonical":"https:\/\/sanatos.com\/es\/product\/sanatos-fast-action\/","og_locale":"es_ES","og_type":"article","og_title":"Sanatos X Fast Action - Dile adios a la tos con SANATOS - PHARMADEL","og_description":"Alivio r\u00e1pido contra los s\u00edntomas de la tos, fiebre y gripe","og_url":"https:\/\/sanatos.com\/es\/product\/sanatos-fast-action\/","og_site_name":"Dile adios a la tos con SANATOS - PHARMADEL","article_modified_time":"2026-02-27T22:36:32+00:00","og_image":[{"width":1995,"height":2160,"url":"https:\/\/sanatos.com\/es\/wp-content\/uploads\/sites\/3\/2025\/11\/SanaTos-X-for-Adults.webp","type":"image\/webp"}],"twitter_card":"summary_large_image","twitter_misc":{"Tiempo de lectura":"1 minuto"},"schema":{"@context":"https:\/\/schema.org","@graph":[{"@type":"WebPage","@id":"https:\/\/sanatos.com\/es\/product\/sanatos-fast-action\/","url":"https:\/\/sanatos.com\/es\/product\/sanatos-fast-action\/","name":"Sanatos X Fast Action - Dile adios a la tos con SANATOS - PHARMADEL","isPartOf":{"@id":"https:\/\/sanatos.com\/es\/#website"},"primaryImageOfPage":{"@id":"https:\/\/sanatos.com\/es\/product\/sanatos-fast-action\/#primaryimage"},"image":{"@id":"https:\/\/sanatos.com\/es\/product\/sanatos-fast-action\/#primaryimage"},"thumbnailUrl":"https:\/\/sanatos.com\/es\/wp-content\/uploads\/sites\/3\/2025\/11\/SanaTos-X-for-Adults.webp","datePublished":"2025-11-21T19:29:58+00:00","dateModified":"2026-02-27T22:36:32+00:00","breadcrumb":{"@id":"https:\/\/sanatos.com\/es\/product\/sanatos-fast-action\/#breadcrumb"},"inLanguage":"es","potentialAction":[{"@type":"ReadAction","target":["https:\/\/sanatos.com\/es\/product\/sanatos-fast-action\/"]}]},{"@type":"ImageObject","inLanguage":"es","@id":"https:\/\/sanatos.com\/es\/product\/sanatos-fast-action\/#primaryimage","url":"https:\/\/sanatos.com\/es\/wp-content\/uploads\/sites\/3\/2025\/11\/SanaTos-X-for-Adults.webp","contentUrl":"https:\/\/sanatos.com\/es\/wp-content\/uploads\/sites\/3\/2025\/11\/SanaTos-X-for-Adults.webp","width":1995,"height":2160},{"@type":"BreadcrumbList","@id":"https:\/\/sanatos.com\/es\/product\/sanatos-fast-action\/#breadcrumb","itemListElement":[{"@type":"ListItem","position":1,"name":"Home","item":"https:\/\/sanatos.com\/es\/"},{"@type":"ListItem","position":2,"name":"Productos","item":"https:\/\/sanatos.com\/es\/product\/"},{"@type":"ListItem","position":3,"name":"Sanatos X Fast Action"}]},{"@type":"WebSite","@id":"https:\/\/sanatos.com\/es\/#website","url":"https:\/\/sanatos.com\/es\/","name":"Dile adios a la tos con SANATOS - PHARMADEL","description":"Alivio r\u00e1pido y eficaz de los s\u00edntomas del resfriado y la gripe como dolor de cabeza, fiebre, congesti\u00f3n nasal, tos y dolor muscular \u00a1Pru\u00e9balo!","publisher":{"@id":"https:\/\/sanatos.com\/es\/#organization"},"potentialAction":[{"@type":"SearchAction","target":{"@type":"EntryPoint","urlTemplate":"https:\/\/sanatos.com\/es\/?s={search_term_string}"},"query-input":{"@type":"PropertyValueSpecification","valueRequired":true,"valueName":"search_term_string"}}],"inLanguage":"es"},{"@type":"Organization","@id":"https:\/\/sanatos.com\/es\/#organization","name":"Dile adios a la tos con SANATOS - PHARMADEL","url":"https:\/\/sanatos.com\/es\/","logo":{"@type":"ImageObject","inLanguage":"es","@id":"https:\/\/sanatos.com\/es\/#\/schema\/logo\/image\/","url":"https:\/\/sanatos.com\/es\/wp-content\/uploads\/sites\/3\/2025\/11\/sanatos.svg","contentUrl":"https:\/\/sanatos.com\/es\/wp-content\/uploads\/sites\/3\/2025\/11\/sanatos.svg","caption":"Dile adios a la tos con SANATOS - PHARMADEL"},"image":{"@id":"https:\/\/sanatos.com\/es\/#\/schema\/logo\/image\/"}}]}},"_links":{"self":[{"href":"https:\/\/sanatos.com\/es\/wp-json\/wp\/v2\/product\/1006","targetHints":{"allow":["GET"]}}],"collection":[{"href":"https:\/\/sanatos.com\/es\/wp-json\/wp\/v2\/product"}],"about":[{"href":"https:\/\/sanatos.com\/es\/wp-json\/wp\/v2\/types\/product"}],"version-history":[{"count":6,"href":"https:\/\/sanatos.com\/es\/wp-json\/wp\/v2\/product\/1006\/revisions"}],"predecessor-version":[{"id":1254,"href":"https:\/\/sanatos.com\/es\/wp-json\/wp\/v2\/product\/1006\/revisions\/1254"}],"wp:featuredmedia":[{"embeddable":true,"href":"https:\/\/sanatos.com\/es\/wp-json\/wp\/v2\/media\/1058"}],"wp:attachment":[{"href":"https:\/\/sanatos.com\/es\/wp-json\/wp\/v2\/media?parent=1006"}],"wp:term":[{"taxonomy":"product_cat","embeddable":true,"href":"https:\/\/sanatos.com\/es\/wp-json\/wp\/v2\/product_cat?post=1006"},{"taxonomy":"product_tag","embeddable":true,"href":"https:\/\/sanatos.com\/es\/wp-json\/wp\/v2\/product_tag?post=1006"},{"taxonomy":"product_format","embeddable":true,"href":"https:\/\/sanatos.com\/es\/wp-json\/wp\/v2\/product_format?post=1006"},{"taxonomy":"symptom","embeddable":true,"href":"https:\/\/sanatos.com\/es\/wp-json\/wp\/v2\/symptom?post=1006"},{"taxonomy":"age","embeddable":true,"href":"https:\/\/sanatos.com\/es\/wp-json\/wp\/v2\/age?post=1006"},{"taxonomy":"occasion","embeddable":true,"href":"https:\/\/sanatos.com\/es\/wp-json\/wp\/v2\/occasion?post=1006"},{"taxonomy":"icons","embeddable":true,"href":"https:\/\/sanatos.com\/es\/wp-json\/wp\/v2\/icons?post=1006"},{"taxonomy":"flavor","embeddable":true,"href":"https:\/\/sanatos.com\/es\/wp-json\/wp\/v2\/flavor?post=1006"},{"taxonomy":"relief","embeddable":true,"href":"https:\/\/sanatos.com\/es\/wp-json\/wp\/v2\/relief?post=1006"}],"curies":[{"name":"wp","href":"https:\/\/api.w.org\/{rel}","templated":true}]}}